{"id":6167,"date":"2020-06-10T17:25:49","date_gmt":"2020-06-10T14:25:49","guid":{"rendered":"https:\/\/videopymes.com.ar\/esp\/?page_id=6167"},"modified":"2023-09-12T14:49:29","modified_gmt":"2023-09-12T11:49:29","slug":"faq","status":"publish","type":"page","link":"https:\/\/videopymes.com.ar\/esp\/faq\/","title":{"rendered":"Preguntas Frecuentes"},"content":{"rendered":"\n<div class=\"wp-block-group\"><div class=\"wp-block-group__inner-container is-layout-flow wp-block-group-is-layout-flow\">\n<div class=\"wp-block-coblocks-accordion\">\n<div class=\"wp-block-coblocks-accordion-item\"><details><summary class=\"wp-block-coblocks-accordion-item__title\">\u00bfCu\u00e1nto cuesta hacer un video institucional &#8211; corporativo?<\/summary><div class=\"wp-block-coblocks-accordion-item__content\">\n<p>Una manera de acercarnos a la cifra es conociendo tus expectativas. Generalmente nuestros clientes seleccionan un video de nuestro porfolio o nos env\u00edan links de su competencia y nos dicen: Necesito algo como esto!<br>Es un buen ejercicio, busca el video que te parezca que encuadra con tus necesidades y contactanos, esto nos dar\u00e1 una clara visi\u00f3n de lo que est\u00e1s imaginando y podremos acercarnos a la cifra.<\/p>\n\n\n\n<p>info@videopymes.com.ar<\/p>\n\n\n\n<p><\/p>\n<\/div><\/details><\/div>\n\n\n\n<div class=\"wp-block-coblocks-accordion-item\"><details><summary class=\"wp-block-coblocks-accordion-item__title\">\u00bfCu\u00e1nto tiempo se necesita para hacer un video institucional &#8211; corporativo?<\/summary><div class=\"wp-block-coblocks-accordion-item__content\">\n<ul class=\"wp-block-list\"><li>Generalmente, nos gusta resolverlo en al menos tres semanas.<\/li><li>En la primera conversamos con vos para entender qu\u00e9 tipo de video necesitas.  Te presentamos una idea y luego un gui\u00f3n acorde a esas necesidades. Si todo te parece bien, empezamos a pre &#8211; producir el la grabaci\u00f3n y en la segunda semana ya estamos conectando luces y grabando en tu empresa. En la tercer semana editamos, post \u2013 producimos y entregamos tu video.<\/li><li>Hemos realizado videos en pocos d\u00edas. Si este es tu caso deja de leer y llamanos ya, podemos ayudarte, pero no pierdas mas tiempo.<\/li><\/ul>\n\n\n\n<p>Llamanos ahora 011 15 5024 8371<\/p>\n<\/div><\/details><\/div>\n\n\n\n<div class=\"wp-block-coblocks-accordion-item\"><details><summary class=\"wp-block-coblocks-accordion-item__title\">Ya tengo las im\u00e1genes del video \u00bfPueden editarlas, ponerles textos, sonidos, arreglar el color?<\/summary><div class=\"wp-block-coblocks-accordion-item__content\">\n<p>Si, este servicio se cobra por hora de trabajo. Podemos calcular un costo estimativo viendo las im\u00e1genes.<br>Llamanos y contanos <strong>011 15 5024 8371 <\/strong><\/p>\n<\/div><\/details><\/div>\n\n\n\n<div class=\"wp-block-coblocks-accordion-item\"><details><summary class=\"wp-block-coblocks-accordion-item__title\">Tengo un video y lo quiero copiar \/ subtitular \/ acortar \/ cambiar de norma o formato \/adaptarlo para redes \/ agregar banda de sonido royalty free \/ incluir traductor a lengua de se\u00f1as\u00a0. \u00bfUstedes hacen ese trabajo?<\/summary><div class=\"wp-block-coblocks-accordion-item__content\">\n<p>Si, siempre y cuando el video sea de tu propiedad y no infrinja derechos de copia<\/p>\n<\/div><\/details><\/div>\n\n\n\n<div class=\"wp-block-coblocks-accordion-item\"><details><summary class=\"wp-block-coblocks-accordion-item__title\">\u00bfPuedo tener mi video en varios idiomas?<\/summary><div class=\"wp-block-coblocks-accordion-item__content\">\n<p>Si, podemos hacerlo. Preferimos contratar locutores extranjeros y dise\u00f1ar los gr\u00e1ficos y textos nuevamente en el idioma elegido. De esta manera el video no transmite la sensaci\u00f3n de estar \u201ctraducido\u201d.<br>Tambi\u00e9n podemos subtitularlo o doblarlo.<\/p>\n<\/div><\/details><\/div>\n\n\n\n<div class=\"wp-block-coblocks-accordion-item\"><details><summary class=\"wp-block-coblocks-accordion-item__title\">\u00bfEn qu\u00e9 formatos entregan los videos?<\/summary><div class=\"wp-block-coblocks-accordion-item__content\">\n<p>Todos los videos los realizamos generalmente en 4k. Una vez aprobada la versi\u00f3n final podemos convertirlo al formato que desees.<br>Para enviar por Whats App, para tu pagina web, YouTube,  Instagram, Facebook, en cd, pen drive, dvd, blu-ray, archivos de video para PC, Mac o dispositivos m\u00f3viles, hasta en el casi extinto VHS!<\/p>\n<\/div><\/details><\/div>\n\n\n\n<div class=\"wp-block-coblocks-accordion-item\"><details><summary class=\"wp-block-coblocks-accordion-item__title\">Solo tengo fotos de la empresa. \u00bfPueden animarlas, ponerles textos, sonidos, arreglar el color?<\/summary><div class=\"wp-block-coblocks-accordion-item__content\">\n<p>Si, este servicio se cobra por hora de trabajo. Podemos calcular un costo estimativo conociendo la cantidad de fotos y elementos que quieras agregar.<br><strong>Llamanos ahora 011 15 5024 8371 <\/strong><\/p>\n<\/div><\/details><\/div>\n\n\n\n<div class=\"wp-block-coblocks-accordion-item\"><details><summary class=\"wp-block-coblocks-accordion-item__title\">\u00bfEl momento de la grabaci\u00f3n, interfiere con la actividad de mi empresa?<\/summary><div class=\"wp-block-coblocks-accordion-item__content\">\n<p>No, generalmente tratamos de no interferir con la rutina de la empresa salvo que el gui\u00f3n lo requiera<\/p>\n<\/div><\/details><\/div>\n\n\n\n<div class=\"wp-block-coblocks-accordion-item\"><details><summary class=\"wp-block-coblocks-accordion-item__title\">\u00bfEs necesario que este con ustedes durante el rodaje?<\/summary><div class=\"wp-block-coblocks-accordion-item__content\">\n<p>No necesariamente, pero s\u00ed necesitamos tener una persona de contacto a quien poder ubicar r\u00e1pidamente dentro de la empresa<\/p>\n<\/div><\/details><\/div>\n\n\n\n<div class=\"wp-block-coblocks-accordion-item\"><details><summary class=\"wp-block-coblocks-accordion-item__title\">\u00bfEn qu\u00e9 zonas geogr\u00e1ficas trabajan?<\/summary><div class=\"wp-block-coblocks-accordion-item__content\">\n<p>Estamos en la Ciudad de Buenos Aires, pero trabajamos en toda la Rep\u00fablica Argentina.<br>Si tu empresa se encuentra en otra ciudad la \u00fanica diferencia es que el costo del transporte ser\u00e1 algo mayor, pero no es significativo. Esto tambi\u00e9n aplica si tu empresa est\u00e1 en otro pa\u00eds, \u00a1Tenemos pasaportes al d\u00eda!<\/p>\n<\/div><\/details><\/div>\n<\/div>\n<\/div><\/div>\n\n\n\n<p><\/p>\n","protected":false},"excerpt":{"rendered":"","protected":false},"author":1,"featured_media":0,"parent":0,"menu_order":0,"comment_status":"closed","ping_status":"closed","template":"","meta":{"_coblocks_attr":"","_coblocks_dimensions":"","_coblocks_responsive_height":"","_coblocks_accordion_ie_support":"","footnotes":""},"class_list":["post-6167","page","type-page","status-publish","hentry"],"_links":{"self":[{"href":"https:\/\/videopymes.com.ar\/esp\/wp-json\/wp\/v2\/pages\/6167","targetHints":{"allow":["GET"]}}],"collection":[{"href":"https:\/\/videopymes.com.ar\/esp\/wp-json\/wp\/v2\/pages"}],"about":[{"href":"https:\/\/videopymes.com.ar\/esp\/wp-json\/wp\/v2\/types\/page"}],"author":[{"embeddable":true,"href":"https:\/\/videopymes.com.ar\/esp\/wp-json\/wp\/v2\/users\/1"}],"replies":[{"embeddable":true,"href":"https:\/\/videopymes.com.ar\/esp\/wp-json\/wp\/v2\/comments?post=6167"}],"version-history":[{"count":5,"href":"https:\/\/videopymes.com.ar\/esp\/wp-json\/wp\/v2\/pages\/6167\/revisions"}],"predecessor-version":[{"id":6543,"href":"https:\/\/videopymes.com.ar\/esp\/wp-json\/wp\/v2\/pages\/6167\/revisions\/6543"}],"wp:attachment":[{"href":"https:\/\/videopymes.com.ar\/esp\/wp-json\/wp\/v2\/media?parent=6167"}],"curies":[{"name":"wp","href":"https:\/\/api.w.org\/{rel}","templated":true}]}}