{"id":5550,"date":"2016-12-03T15:08:37","date_gmt":"2016-12-03T15:08:37","guid":{"rendered":"http:\/\/demo.wpzoom.com\/reel\/?page_id=5550"},"modified":"2022-10-26T21:46:19","modified_gmt":"2022-10-26T18:46:19","slug":"inicio","status":"publish","type":"page","link":"https:\/\/videopymes.com.ar\/esp\/","title":{"rendered":"Inicio"},"content":{"rendered":"\n<h2>\n\t\t\t\t\tNuestro Trabajo\n\t\t\t\t<\/h2>\n\t<h2>\n\t\t\t\t\tExperiencias Interactivas\n\t\t\t\t<\/h2>\n\t<h3>Lleva la experiencia de tu emprendimiento un escal\u00f3n m\u00e1s arriba<br>\nCreamos tu video en formato digital para que la experiencia de tus clientes sea incre\u00edble<\/h3>\n\t\t\t<a href=\"https:\/\/videopymes.com.ar\/esp\/experiencias-interactivas\/\" target=\"_self\" role=\"button\" rel=\"noopener noreferrer\">\n\t\t\t\t\t\tVer Demo\n\t\t<\/a>\n","protected":false},"excerpt":{"rendered":"<p>Nuestro Trabajo Experiencias Interactivas Lleva la experiencia de tu emprendimiento un escal\u00f3n m\u00e1s arriba Creamos tu video en formato digital para que la experiencia de tus clientes sea incre\u00edble Ver Demo<\/p>\n","protected":false},"author":1,"featured_media":6525,"parent":0,"menu_order":0,"comment_status":"closed","ping_status":"closed","template":"page-templates\/homepage-builder-bb.php","meta":{"_coblocks_attr":"","_coblocks_dimensions":"","_coblocks_responsive_height":"","_coblocks_accordion_ie_support":"","footnotes":""},"class_list":["post-5550","page","type-page","status-publish","has-post-thumbnail","hentry"],"_links":{"self":[{"href":"https:\/\/videopymes.com.ar\/esp\/wp-json\/wp\/v2\/pages\/5550","targetHints":{"allow":["GET"]}}],"collection":[{"href":"https:\/\/videopymes.com.ar\/esp\/wp-json\/wp\/v2\/pages"}],"about":[{"href":"https:\/\/videopymes.com.ar\/esp\/wp-json\/wp\/v2\/types\/page"}],"author":[{"embeddable":true,"href":"https:\/\/videopymes.com.ar\/esp\/wp-json\/wp\/v2\/users\/1"}],"replies":[{"embeddable":true,"href":"https:\/\/videopymes.com.ar\/esp\/wp-json\/wp\/v2\/comments?post=5550"}],"version-history":[{"count":26,"href":"https:\/\/videopymes.com.ar\/esp\/wp-json\/wp\/v2\/pages\/5550\/revisions"}],"predecessor-version":[{"id":6501,"href":"https:\/\/videopymes.com.ar\/esp\/wp-json\/wp\/v2\/pages\/5550\/revisions\/6501"}],"wp:featuredmedia":[{"embeddable":true,"href":"https:\/\/videopymes.com.ar\/esp\/wp-json\/wp\/v2\/media\/6525"}],"wp:attachment":[{"href":"https:\/\/videopymes.com.ar\/esp\/wp-json\/wp\/v2\/media?parent=5550"}],"curies":[{"name":"wp","href":"https:\/\/api.w.org\/{rel}","templated":true}]}}